{"id":30,"date":"2020-03-16T14:23:47","date_gmt":"2020-03-16T14:23:47","guid":{"rendered":"https:\/\/herculaneproject.ro\/en\/?page_id=30"},"modified":"2022-04-06T12:50:49","modified_gmt":"2022-04-06T10:50:49","slug":"contact","status":"publish","type":"page","link":"https:\/\/herculaneproject.ro\/en\/contact\/","title":{"rendered":"Contact"},"content":{"rendered":"<div id='av-layout-grid-1'  class='av-layout-grid-container av-k8hc3lt9-9b491090184ef8739f302563f9b99e36 entry-content-wrapper alternate_color av-flex-cells  avia-builder-el-0  el_before_av_section  avia-builder-el-first   container_wrap fullsize'  >\n\n<style type=\"text\/css\" data-created_by=\"avia_inline_auto\" id=\"style-css-av-1ohki-c8627ed1fdfee39d6bd38a58ca56eb7b\">\n.flex_cell.av-1ohki-c8627ed1fdfee39d6bd38a58ca56eb7b{\nvertical-align:middle;\n}\n.responsive #top #wrap_all .flex_cell.av-1ohki-c8627ed1fdfee39d6bd38a58ca56eb7b{\npadding:6% 9% 6% 0px !important;\n}\n<\/style>\n<div class='flex_cell av-1ohki-c8627ed1fdfee39d6bd38a58ca56eb7b av-gridrow-cell av_one_half no_margin  avia-builder-el-1  el_before_av_cell_one_half  avia-builder-el-first  avia-full-stretch'  ><div class='flex_cell_inner'>\n<style type=\"text\/css\" data-created_by=\"avia_inline_auto\" id=\"style-css-av-k8hc4ofz-1c5893af3f6747caac0916f85f0b9e7d\">\n.flex_column.av-k8hc4ofz-1c5893af3f6747caac0916f85f0b9e7d{\nborder-radius:0px 5px 5px 0px;\npadding:6% 6% 6% 12%;\nbackground-color:#ffffff;\n}\n<\/style>\n<div  class='flex_column av-k8hc4ofz-1c5893af3f6747caac0916f85f0b9e7d av_one_full  avia-builder-el-2  avia-builder-el-no-sibling  first flex_column_div av-animated-generic top-to-bottom  '     ><section  class='av_textblock_section av-k8hc50fa-3489a9d5c874b7042c5db0f4bfc27363 '   itemscope=\"itemscope\" itemtype=\"https:\/\/schema.org\/CreativeWork\" ><div class='avia_textblock special'  itemprop=\"text\" ><h1 style=\"text-align: left;\">Contact<\/h1>\n<p>Do you want to become a heritage healer? Write to us or give us a call. What are we doing? Together we can save the cultural heritage of the Herculane Baths.<\/p>\n<\/div><\/section><\/div>\n<\/div><\/div>\n<style type=\"text\/css\" data-created_by=\"avia_inline_auto\" id=\"style-css-av-k8hc39rz-574430ba3b7b28610fbf5349be8fd9bf\">\n.flex_cell.av-k8hc39rz-574430ba3b7b28610fbf5349be8fd9bf{\nvertical-align:middle;\n}\n.responsive #top #wrap_all .flex_cell.av-k8hc39rz-574430ba3b7b28610fbf5349be8fd9bf{\npadding:0px 0px 0px 0px !important;\n}\n<\/style>\n<div class='flex_cell av-k8hc39rz-574430ba3b7b28610fbf5349be8fd9bf av-gridrow-cell av_one_half no_margin  avia-builder-el-4  el_after_av_cell_one_half  avia-builder-el-last  av-zero-padding'  ><div class='flex_cell_inner'>\n<style type=\"text\/css\" data-created_by=\"avia_inline_auto\" id=\"style-css-av-yu1a-1fec961c8a77f6f9a3382bb8feb1a9e7\">\n.flex_column.av-yu1a-1fec961c8a77f6f9a3382bb8feb1a9e7{\nborder-radius:0px 0px 0px 0px;\npadding:0px 0px 0px 0px;\n}\n<\/style>\n<div  class='flex_column av-yu1a-1fec961c8a77f6f9a3382bb8feb1a9e7 av_one_full  avia-builder-el-5  avia-builder-el-no-sibling  first flex_column_div av-animated-generic fade-in av-zero-column-padding  '     ><div  class='av_gmaps_sc_main_wrap av_gmaps_main_wrap '><div id='av_gmap_0' class='avia-google-map-container avia-google-map-sc av_gmaps_show_unconditionally av-no-fallback-img ' data-mapid='av_gmap_0'  style='height: 650px;'><a class=\"av_gmaps_browser_disabled av_text_confirm_link av_text_confirm_link_visible\" href=\"https:\/\/www.google.com\/maps\/search\/?api=1&#038;query=ISHO,%20Cladirea%20A%20%20Timisoara\" target=\"_blank\" rel=\"noopener\">Maps were disabled by the visitor on this site. Click to open the map in a new window.<\/a><\/div><\/div><\/div>\n<\/div><\/div>\n<\/div>\n\n<style type=\"text\/css\" data-created_by=\"avia_inline_auto\" id=\"style-css-av-2dofq-4b224c3971eb5e33af316448643a5004\">\n.avia-section.av-2dofq-4b224c3971eb5e33af316448643a5004 .av-section-color-overlay{\nopacity:0.8;\nbackground-color:#ffffff;\n}\n<\/style>\n<div id='av_section_1'  class='avia-section av-2dofq-4b224c3971eb5e33af316448643a5004 main_color avia-section-default avia-no-border-styling  avia-builder-el-7  el_after_av_layout_row  el_before_av_layout_row  avia-bg-style-parallax av-section-color-overlay-active container_wrap fullsize'  ><div class=\"av-section-color-overlay-wrap\"><div class=\"av-section-color-overlay\"><\/div><div class='container av-section-cont-open' ><div class='template-page content  av-content-full alpha units'><div class='post-entry post-entry-type-page post-entry-30'><div class='entry-content-wrapper clearfix'>\n<div class='flex_column_table av-19afa-4f0bf9bba029b85468a39ef22182e72c sc-av_one_third av-break-at-tablet-flextable av-equal-height-column-flextable'>\n<style type=\"text\/css\" data-created_by=\"avia_inline_auto\" id=\"style-css-av-19afa-4f0bf9bba029b85468a39ef22182e72c\">\n.flex_column.av-19afa-4f0bf9bba029b85468a39ef22182e72c{\nborder-radius:0px 0px 0px 0px;\npadding:0px 0px 0px 0px;\n}\n<\/style>\n<div  class='flex_column av-19afa-4f0bf9bba029b85468a39ef22182e72c av_one_third  avia-builder-el-8  el_before_av_one_third  avia-builder-el-first  first av-break-at-tablet flex_column_table_cell av-equal-height-column av-align-middle av-animated-generic pop-up av-zero-column-padding  '     ><p>\n<style type=\"text\/css\" data-created_by=\"avia_inline_auto\" id=\"style-css-av-k8j82gnr-ffa8577b0563e05af295643471347803\">\n.avia-image-container.av-k8j82gnr-ffa8577b0563e05af295643471347803 img.avia_image{\nbox-shadow:none;\n}\n.avia-image-container.av-k8j82gnr-ffa8577b0563e05af295643471347803 .av-image-caption-overlay-center{\ncolor:#ffffff;\n}\n<\/style>\n<div  class='avia-image-container av-k8j82gnr-ffa8577b0563e05af295643471347803 av-styling- avia-align-center  avia-builder-el-9  el_before_av_hr  avia-builder-el-first  icobig'   itemprop=\"image\" itemscope=\"itemscope\" itemtype=\"https:\/\/schema.org\/ImageObject\" ><div class=\"avia-image-container-inner\"><div class=\"avia-image-overlay-wrap\"><img decoding=\"async\" fetchpriority=\"high\" class='wp-image-602 avia-img-lazy-loading-not-602 avia_image ' src=\"https:\/\/herculaneproject.ro\/en\/wp-content\/uploads\/sites\/2\/2020\/04\/mail-01.svg\" alt='' title='mail-01'  height=\"1\" width=\"1\"  itemprop=\"thumbnailUrl\"  \/><\/div><\/div><\/div><br \/>\n\n<style type=\"text\/css\" data-created_by=\"avia_inline_auto\" id=\"style-css-av-k8hbd08l-f51dfa49f4cc38d731e33458b5f281d8\">\n#top .hr.hr-invisible.av-k8hbd08l-f51dfa49f4cc38d731e33458b5f281d8{\nheight:30px;\n}\n<\/style>\n<div  class='hr av-k8hbd08l-f51dfa49f4cc38d731e33458b5f281d8 hr-invisible  avia-builder-el-10  el_after_av_image  el_before_av_textblock '><span class='hr-inner '><span class=\"hr-inner-style\"><\/span><\/span><\/div><br \/>\n<section  class='av_textblock_section av-k8hbchnc-d904b23542bb7a94fbb2867539430f43 '   itemscope=\"itemscope\" itemtype=\"https:\/\/schema.org\/CreativeWork\" ><div class='avia_textblock'  itemprop=\"text\" ><p style=\"text-align: center;\"><strong>contact@herculaneproject.ro\/en<\/strong><\/p>\n<\/div><\/section><\/p><\/div><div class='av-flex-placeholder'><\/div>\n<style type=\"text\/css\" data-created_by=\"avia_inline_auto\" id=\"style-css-av-12bt2-3b41af93049392b3285c58d831c75cc8\">\n.flex_column.av-12bt2-3b41af93049392b3285c58d831c75cc8{\nborder-radius:0px 0px 0px 0px;\npadding:0px 0px 0px 0px;\n}\n<\/style>\n<div  class='flex_column av-12bt2-3b41af93049392b3285c58d831c75cc8 av_one_third  avia-builder-el-12  el_after_av_one_third  el_before_av_one_third  av-break-at-tablet flex_column_table_cell av-equal-height-column av-align-middle av-animated-generic pop-up av-zero-column-padding  '     ><p>\n<style type=\"text\/css\" data-created_by=\"avia_inline_auto\" id=\"style-css-av-k8hb8o5j-82e3c034aee4256068e2aba58edba963\">\n.avia-image-container.av-k8hb8o5j-82e3c034aee4256068e2aba58edba963 img.avia_image{\nbox-shadow:none;\n}\n.avia-image-container.av-k8hb8o5j-82e3c034aee4256068e2aba58edba963 .av-image-caption-overlay-center{\ncolor:#ffffff;\n}\n<\/style>\n<div  class='avia-image-container av-k8hb8o5j-82e3c034aee4256068e2aba58edba963 av-styling-circle avia-align-center  avia-builder-el-13  el_before_av_hr  avia-builder-el-first '   itemprop=\"image\" itemscope=\"itemscope\" itemtype=\"https:\/\/schema.org\/ImageObject\" ><div class=\"avia-image-container-inner\"><div class=\"avia-image-overlay-wrap\"><img decoding=\"async\" fetchpriority=\"high\" class='wp-image-469 avia-img-lazy-loading-not-469 avia_image ' src=\"https:\/\/herculaneproject.ro\/en\/wp-content\/uploads\/sites\/2\/2020\/04\/CHIRILA-180x180.png\" alt='' title='CHIRILA'  height=\"180\" width=\"180\"  itemprop=\"thumbnailUrl\" srcset=\"https:\/\/herculaneproject.ro\/en\/wp-content\/uploads\/sites\/2\/2020\/04\/CHIRILA-180x180.png 180w, https:\/\/herculaneproject.ro\/en\/wp-content\/uploads\/sites\/2\/2020\/04\/CHIRILA-300x300.png 300w, https:\/\/herculaneproject.ro\/en\/wp-content\/uploads\/sites\/2\/2020\/04\/CHIRILA-80x80.png 80w, https:\/\/herculaneproject.ro\/en\/wp-content\/uploads\/sites\/2\/2020\/04\/CHIRILA-36x36.png 36w, https:\/\/herculaneproject.ro\/en\/wp-content\/uploads\/sites\/2\/2020\/04\/CHIRILA.png 590w\" sizes=\"(max-width: 180px) 100vw, 180px\" \/><\/div><\/div><\/div><br \/>\n\n<style type=\"text\/css\" data-created_by=\"avia_inline_auto\" id=\"style-css-av-k8hbd08l-f51dfa49f4cc38d731e33458b5f281d8\">\n#top .hr.hr-invisible.av-k8hbd08l-f51dfa49f4cc38d731e33458b5f281d8{\nheight:30px;\n}\n<\/style>\n<div  class='hr av-k8hbd08l-f51dfa49f4cc38d731e33458b5f281d8 hr-invisible  avia-builder-el-14  el_after_av_image  el_before_av_textblock '><span class='hr-inner '><span class=\"hr-inner-style\"><\/span><\/span><\/div><br \/>\n<section  class='av_textblock_section av-k8hbchnc-d904b23542bb7a94fbb2867539430f43 '   itemscope=\"itemscope\" itemtype=\"https:\/\/schema.org\/CreativeWork\" ><div class='avia_textblock'  itemprop=\"text\" ><h3 style=\"text-align: center;\">Oana Chiril\u0103<\/h3>\n<\/div><\/section><\/p><\/div><div class='av-flex-placeholder'><\/div>\n<style type=\"text\/css\" data-created_by=\"avia_inline_auto\" id=\"style-css-av-19afa-2905214f2e1d346f4730ad813d9cdfbb\">\n.flex_column.av-19afa-2905214f2e1d346f4730ad813d9cdfbb{\nborder-radius:0px 0px 0px 0px;\npadding:0px 0px 0px 0px;\n}\n<\/style>\n<div  class='flex_column av-19afa-2905214f2e1d346f4730ad813d9cdfbb av_one_third  avia-builder-el-16  el_after_av_one_third  avia-builder-el-last  av-break-at-tablet flex_column_table_cell av-equal-height-column av-align-middle av-animated-generic pop-up av-zero-column-padding  '     ><p>\n<style type=\"text\/css\" data-created_by=\"avia_inline_auto\" id=\"style-css-av-k8j82gnr-4ab14b88c887047ba8a99a18ecf53838\">\n.avia-image-container.av-k8j82gnr-4ab14b88c887047ba8a99a18ecf53838 img.avia_image{\nbox-shadow:none;\n}\n.avia-image-container.av-k8j82gnr-4ab14b88c887047ba8a99a18ecf53838 .av-image-caption-overlay-center{\ncolor:#ffffff;\n}\n<\/style>\n<div  class='avia-image-container av-k8j82gnr-4ab14b88c887047ba8a99a18ecf53838 av-styling- avia-align-center  avia-builder-el-17  el_before_av_hr  avia-builder-el-first  icobig'   itemprop=\"image\" itemscope=\"itemscope\" itemtype=\"https:\/\/schema.org\/ImageObject\" ><div class=\"avia-image-container-inner\"><div class=\"avia-image-overlay-wrap\"><img decoding=\"async\" fetchpriority=\"high\" class='wp-image-603 avia-img-lazy-loading-not-603 avia_image ' src=\"https:\/\/herculaneproject.ro\/en\/wp-content\/uploads\/sites\/2\/2020\/04\/adresa-01.svg\" alt='' title='adresa-01'  height=\"1\" width=\"1\"  itemprop=\"thumbnailUrl\"  \/><\/div><\/div><\/div><br \/>\n\n<style type=\"text\/css\" data-created_by=\"avia_inline_auto\" id=\"style-css-av-k8hbd08l-f51dfa49f4cc38d731e33458b5f281d8\">\n#top .hr.hr-invisible.av-k8hbd08l-f51dfa49f4cc38d731e33458b5f281d8{\nheight:30px;\n}\n<\/style>\n<div  class='hr av-k8hbd08l-f51dfa49f4cc38d731e33458b5f281d8 hr-invisible  avia-builder-el-18  el_after_av_image  el_before_av_textblock '><span class='hr-inner '><span class=\"hr-inner-style\"><\/span><\/span><\/div><br \/>\n<section  class='av_textblock_section av-k8hbchnc-d904b23542bb7a94fbb2867539430f43 '   itemscope=\"itemscope\" itemtype=\"https:\/\/schema.org\/CreativeWork\" ><div class='avia_textblock'  itemprop=\"text\" ><p style=\"text-align: center;\">Bd. Take Ionescu nr. 50 &#8211; 52,<br \/>\nComplex ISHO, building A,<br \/>\nground floor, Timi\u0219oara, Timi\u0219, 300043<\/p>\n<\/div><\/section><\/p><\/div><\/div><!--close column table wrapper. Autoclose: 1 --><\/div><\/div><\/div><!-- close content main div --><\/div><\/div><\/div><div id='av-layout-grid-2'  class='av-layout-grid-container av-202uq-a1492703889b684b319ec57f6b8830c7 entry-content-wrapper alternate_color av-flex-cells  avia-builder-el-20  el_after_av_section  el_before_av_section  grid-row-not-first av-medium-hide av-small-hide av-mini-hide container_wrap fullsize'  >\n\n<style type=\"text\/css\" data-created_by=\"avia_inline_auto\" id=\"style-css-av-ocpy-89a042d09b2fabed7fccd9b55508c73a\">\n.flex_cell.av-ocpy-89a042d09b2fabed7fccd9b55508c73a{\nvertical-align:middle;\nbackground:url(https:\/\/herculaneproject.ro\/en\/wp-content\/uploads\/sites\/2\/2020\/03\/igm-50.jpg) 50% 50% no-repeat fixed ;\n}\n.responsive #top #wrap_all .flex_cell.av-ocpy-89a042d09b2fabed7fccd9b55508c73a{\npadding:6% 0px 6% 30% !important;\n}\n<\/style>\n<div class='flex_cell av-ocpy-89a042d09b2fabed7fccd9b55508c73a av-gridrow-cell av_one_full no_margin  avia-builder-el-21  avia-builder-el-no-sibling  avia-full-stretch'  ><div class='flex_cell_inner'>\n<style type=\"text\/css\" data-created_by=\"avia_inline_auto\" id=\"style-css-av-3uodu-e0233aef68a291390d95c68e1a054e4b\">\n.flex_column.av-3uodu-e0233aef68a291390d95c68e1a054e4b{\nborder-radius:5px 0px 0px 5px;\npadding:6% 6% 6% 6%;\nbackground-color:#ffffff;\n}\n<\/style>\n<div  class='flex_column av-3uodu-e0233aef68a291390d95c68e1a054e4b av_one_full  avia-builder-el-22  avia-builder-el-no-sibling  first av-break-at-tablet flex_column_div av-animated-generic top-to-bottom  '     ><section  class='av_textblock_section av-k8hbuurv-f959b928111980ec40dc5ac81d7b48ce '   itemscope=\"itemscope\" itemtype=\"https:\/\/schema.org\/CreativeWork\" ><div class='avia_textblock'  itemprop=\"text\" ><h1 style=\"text-align: left;\">Write us an email:<\/h1>\n<\/div><\/section><br \/>\n<form action=\"https:\/\/herculaneproject.ro\/en\/contact\/\" method=\"post\" data-fields-with-error=\"Found errors in the following field(s):\" class=\"avia_ajax_form av-form-labels-hidden   avia-builder-el-24  el_after_av_textblock  avia-builder-el-last  av-custom-form-color av-dark-form \" data-avia-form-id=\"1\" data-avia-redirect='' ><fieldset><p class='  first_form  form_element form_element_fourth' id='element_avia_1_1'><label for=\"avia_1_1\">Name <abbr class=\"required\" title=\"required\">*<\/abbr><\/label> <input name=\"avia_1_1\" class=\"text_input is_empty\" type=\"text\" id=\"avia_1_1\" value=\"\"  placeholder='Name*'\/><\/p><p class='  form_element form_element_fourth' id='element_avia_2_1'><label for=\"avia_2_1\">Email <abbr class=\"required\" title=\"required\">*<\/abbr><\/label> <input name=\"avia_2_1\" class=\"text_input is_empty\" type=\"text\" id=\"avia_2_1\" value=\"\"  placeholder='Email*'\/><\/p><p class='  form_element form_element_fourth' id='element_avia_3_1'><label for=\"avia_3_1\">Phone <abbr class=\"required\" title=\"required\">*<\/abbr><\/label> <input name=\"avia_3_1\" class=\"text_input is_empty\" type=\"text\" id=\"avia_3_1\" value=\"\"  placeholder='Phone*'\/><\/p><p class='  form_element form_element_fourth' id='element_avia_4_1'><label for=\"avia_4_1\">Message <abbr class=\"required\" title=\"required\">*<\/abbr><\/label> <input name=\"avia_4_1\" class=\"text_input is_empty\" type=\"text\" id=\"avia_4_1\" value=\"\"  placeholder='Message*'\/><\/p><p class=\"hidden\"><input type=\"text\" name=\"avia_5_1\" class=\"hidden \" id=\"avia_5_1\" value=\"\" \/><\/p><p class=' av_form_privacy_check av_contact_privacy_check first_form  form_element form_fullwidth' id='element_avia_6_1'><input  name=\"avia_6_1\" class=\"input_checkbox is_empty\" type=\"checkbox\" id=\"avia_6_1\" value=\"true\"\/><label class=\"input_checkbox_label\" for=\"avia_6_1\">I agree with the processing of personal data. <abbr class=\"required\" title=\"required\">*<\/abbr><\/label><\/p><p class=\"form_element \"><input type=\"hidden\" value=\"1\" name=\"avia_generated_form1\" \/><input type=\"submit\" value=\"Send\" class=\"button\"  data-sending-label=\"Sending\"\/><\/p><\/fieldset><\/form><div id=\"ajaxresponse_1\" class=\"ajaxresponse ajaxresponse_1 hidden\"><\/div><\/p><\/div>\n<\/div><\/div>\n<\/div><\/p>\n\n<style type=\"text\/css\" data-created_by=\"avia_inline_auto\" id=\"style-css-av-kcvvj55v-1a17abd4d093b30269f2a3327bfcec48\">\n.avia-section.av-kcvvj55v-1a17abd4d093b30269f2a3327bfcec48{\nbackground-repeat:no-repeat;\nbackground-image:url(https:\/\/herculaneproject.ro\/en\/wp-content\/uploads\/sites\/2\/2020\/06\/herculane-project-h-42.jpg);\nbackground-position:50% 50%;\nbackground-attachment:scroll;\n}\n<\/style>\n<div id='av_section_2'  class='avia-section av-kcvvj55v-1a17abd4d093b30269f2a3327bfcec48 main_color avia-section-large avia-no-border-styling  avia-builder-el-25  el_after_av_layout_row  avia-builder-el-last  av-desktop-hide avia-full-stretch avia-bg-style-scroll container_wrap fullsize'  data-section-bg-repeat='stretch'><div class='container av-section-cont-open' ><div class='template-page content  av-content-full alpha units'><div class='post-entry post-entry-type-page post-entry-30'><div class='entry-content-wrapper clearfix'>\n\n<style type=\"text\/css\" data-created_by=\"avia_inline_auto\" id=\"style-css-av-3uodu-4e11b5c8e1abea163eb3d52358f5fb93\">\n.flex_column.av-3uodu-4e11b5c8e1abea163eb3d52358f5fb93{\nborder-radius:5px 0px 0px 5px;\npadding:10% 10% 10% 10%;\nbackground-color:#ffffff;\n}\n<\/style>\n<div  class='flex_column av-3uodu-4e11b5c8e1abea163eb3d52358f5fb93 av_one_full  avia-builder-el-26  avia-builder-el-no-sibling  first av-break-at-tablet flex_column_div av-animated-generic top-to-bottom  '     ><section  class='av_textblock_section av-k8hbuurv-f959b928111980ec40dc5ac81d7b48ce '   itemscope=\"itemscope\" itemtype=\"https:\/\/schema.org\/CreativeWork\" ><div class='avia_textblock'  itemprop=\"text\" ><h1 style=\"text-align: center;\">Write us an email:<\/h1>\n<\/div><\/section><br \/>\n<form action=\"https:\/\/herculaneproject.ro\/en\/contact\/\" method=\"post\" data-fields-with-error=\"Found errors in the following field(s):\" class=\"avia_ajax_form av-form-labels-hidden   avia-builder-el-28  el_after_av_textblock  avia-builder-el-last  av-centered-form  av-custom-form-color av-dark-form \" data-avia-form-id=\"2\" data-avia-redirect='' ><fieldset><p class='  first_form  form_element form_fullwidth' id='element_avia_1_2'><label for=\"avia_1_2\">Name <abbr class=\"required\" title=\"required\">*<\/abbr><\/label> <input name=\"avia_1_2\" class=\"text_input is_empty\" type=\"text\" id=\"avia_1_2\" value=\"\"  placeholder='Name*'\/><\/p><p class='  first_form  form_element form_fullwidth' id='element_avia_2_2'><label for=\"avia_2_2\">Email <abbr class=\"required\" title=\"required\">*<\/abbr><\/label> <input name=\"avia_2_2\" class=\"text_input is_empty\" type=\"text\" id=\"avia_2_2\" value=\"\"  placeholder='Email*'\/><\/p><p class='  first_form  form_element form_fullwidth' id='element_avia_3_2'><label for=\"avia_3_2\">Phone <abbr class=\"required\" title=\"required\">*<\/abbr><\/label> <input name=\"avia_3_2\" class=\"text_input is_empty\" type=\"text\" id=\"avia_3_2\" value=\"\"  placeholder='Phone*'\/><\/p><p class='  first_form  form_element form_fullwidth' id='element_avia_4_2'><label for=\"avia_4_2\">Message <abbr class=\"required\" title=\"required\">*<\/abbr><\/label> <input name=\"avia_4_2\" class=\"text_input is_empty\" type=\"text\" id=\"avia_4_2\" value=\"\"  placeholder='Message*'\/><\/p><p class=\"hidden\"><input type=\"text\" name=\"avia_5_2\" class=\"hidden \" id=\"avia_5_2\" value=\"\" \/><\/p><p class=' av_form_privacy_check av_contact_privacy_check first_form  form_element form_fullwidth' id='element_avia_6_2'><input  name=\"avia_6_2\" class=\"input_checkbox is_empty\" type=\"checkbox\" id=\"avia_6_2\" value=\"true\"\/><label class=\"input_checkbox_label\" for=\"avia_6_2\">I agree with the processing of personal data. <abbr class=\"required\" title=\"required\">*<\/abbr><\/label><\/p><p class=\"form_element \"><input type=\"hidden\" value=\"1\" name=\"avia_generated_form2\" \/><input type=\"submit\" value=\"Send\" class=\"button\"  data-sending-label=\"Sending\"\/><\/p><\/fieldset><\/form><div id=\"ajaxresponse_2\" class=\"ajaxresponse ajaxresponse_2 hidden\"><\/div><\/p><\/div>\n\n","protected":false},"excerpt":{"rendered":"","protected":false},"author":1,"featured_media":0,"parent":0,"menu_order":0,"comment_status":"closed","ping_status":"closed","template":"","meta":{"inline_featured_image":false,"footnotes":""},"class_list":["post-30","page","type-page","status-publish","hentry"],"yoast_head":"<!-- This site is optimized with the Yoast SEO plugin v27.5 - https:\/\/yoast.com\/product\/yoast-seo-wordpress\/ -->\n<title>Contact Herculane Project | Te ajut\u0103m cu toate informa\u021biile necesare.<\/title>\n<meta name=\"description\" content=\"\u00cempreun\u0103 salv\u0103m patrimoniul cultural al B\u0103ilor Herculane! contact@herculaneproject.ro\/en, marketing@asociatialocus.org, +40 728 123 208 (Oana Chiril\u0103)\" \/>\n<meta name=\"robots\" content=\"index, follow, max-snippet:-1, max-image-preview:large, max-video-preview:-1\" \/>\n<link rel=\"canonical\" href=\"https:\/\/herculaneproject.ro\/en\/contact\/\" \/>\n<meta property=\"og:locale\" content=\"en_US\" \/>\n<meta property=\"og:type\" content=\"article\" \/>\n<meta property=\"og:title\" content=\"Contact Herculane Project | Te ajut\u0103m cu toate informa\u021biile necesare.\" \/>\n<meta property=\"og:description\" content=\"\u00cempreun\u0103 salv\u0103m patrimoniul cultural al B\u0103ilor Herculane! contact@herculaneproject.ro\/en, marketing@asociatialocus.org, +40 728 123 208 (Oana Chiril\u0103)\" \/>\n<meta property=\"og:url\" content=\"https:\/\/herculaneproject.ro\/en\/contact\/\" \/>\n<meta property=\"og:site_name\" content=\"Herculane Project (EN)\" \/>\n<meta property=\"article:modified_time\" content=\"2022-04-06T10:50:49+00:00\" \/>\n<meta name=\"twitter:card\" content=\"summary_large_image\" \/>\n<meta name=\"twitter:label1\" content=\"Est. reading time\" \/>\n\t<meta name=\"twitter:data1\" content=\"13 minutes\" \/>\n<script type=\"application\/ld+json\" class=\"yoast-schema-graph\">{\"@context\":\"https:\\\/\\\/schema.org\",\"@graph\":[{\"@type\":\"WebPage\",\"@id\":\"https:\\\/\\\/herculaneproject.ro\\\/en\\\/contact\\\/\",\"url\":\"https:\\\/\\\/herculaneproject.ro\\\/en\\\/contact\\\/\",\"name\":\"Contact Herculane Project | Te ajut\u0103m cu toate informa\u021biile necesare.\",\"isPartOf\":{\"@id\":\"https:\\\/\\\/herculaneproject.ro\\\/en\\\/#website\"},\"datePublished\":\"2020-03-16T14:23:47+00:00\",\"dateModified\":\"2022-04-06T10:50:49+00:00\",\"description\":\"\u00cempreun\u0103 salv\u0103m patrimoniul cultural al B\u0103ilor Herculane! contact@herculaneproject.ro\\\/en, marketing@asociatialocus.org, +40 728 123 208 (Oana Chiril\u0103)\",\"breadcrumb\":{\"@id\":\"https:\\\/\\\/herculaneproject.ro\\\/en\\\/contact\\\/#breadcrumb\"},\"inLanguage\":\"en-US\",\"potentialAction\":[{\"@type\":\"ReadAction\",\"target\":[\"https:\\\/\\\/herculaneproject.ro\\\/en\\\/contact\\\/\"]}]},{\"@type\":\"BreadcrumbList\",\"@id\":\"https:\\\/\\\/herculaneproject.ro\\\/en\\\/contact\\\/#breadcrumb\",\"itemListElement\":[{\"@type\":\"ListItem\",\"position\":1,\"name\":\"Home\",\"item\":\"https:\\\/\\\/herculaneproject.ro\\\/en\\\/home\\\/\"},{\"@type\":\"ListItem\",\"position\":2,\"name\":\"Contact\"}]},{\"@type\":\"WebSite\",\"@id\":\"https:\\\/\\\/herculaneproject.ro\\\/en\\\/#website\",\"url\":\"https:\\\/\\\/herculaneproject.ro\\\/en\\\/\",\"name\":\"Herculane Project (EN)\",\"description\":\"\",\"potentialAction\":[{\"@type\":\"SearchAction\",\"target\":{\"@type\":\"EntryPoint\",\"urlTemplate\":\"https:\\\/\\\/herculaneproject.ro\\\/en\\\/?s={search_term_string}\"},\"query-input\":{\"@type\":\"PropertyValueSpecification\",\"valueRequired\":true,\"valueName\":\"search_term_string\"}}],\"inLanguage\":\"en-US\"}]}<\/script>\n<!-- \/ Yoast SEO plugin. -->","yoast_head_json":{"title":"Contact Herculane Project | Te ajut\u0103m cu toate informa\u021biile necesare.","description":"\u00cempreun\u0103 salv\u0103m patrimoniul cultural al B\u0103ilor Herculane! contact@herculaneproject.ro\/en, marketing@asociatialocus.org, +40 728 123 208 (Oana Chiril\u0103)","robots":{"index":"index","follow":"follow","max-snippet":"max-snippet:-1","max-image-preview":"max-image-preview:large","max-video-preview":"max-video-preview:-1"},"canonical":"https:\/\/herculaneproject.ro\/en\/contact\/","og_locale":"en_US","og_type":"article","og_title":"Contact Herculane Project | Te ajut\u0103m cu toate informa\u021biile necesare.","og_description":"\u00cempreun\u0103 salv\u0103m patrimoniul cultural al B\u0103ilor Herculane! contact@herculaneproject.ro\/en, marketing@asociatialocus.org, +40 728 123 208 (Oana Chiril\u0103)","og_url":"https:\/\/herculaneproject.ro\/en\/contact\/","og_site_name":"Herculane Project (EN)","article_modified_time":"2022-04-06T10:50:49+00:00","twitter_card":"summary_large_image","twitter_misc":{"Est. reading time":"13 minutes"},"schema":{"@context":"https:\/\/schema.org","@graph":[{"@type":"WebPage","@id":"https:\/\/herculaneproject.ro\/en\/contact\/","url":"https:\/\/herculaneproject.ro\/en\/contact\/","name":"Contact Herculane Project | Te ajut\u0103m cu toate informa\u021biile necesare.","isPartOf":{"@id":"https:\/\/herculaneproject.ro\/en\/#website"},"datePublished":"2020-03-16T14:23:47+00:00","dateModified":"2022-04-06T10:50:49+00:00","description":"\u00cempreun\u0103 salv\u0103m patrimoniul cultural al B\u0103ilor Herculane! contact@herculaneproject.ro\/en, marketing@asociatialocus.org, +40 728 123 208 (Oana Chiril\u0103)","breadcrumb":{"@id":"https:\/\/herculaneproject.ro\/en\/contact\/#breadcrumb"},"inLanguage":"en-US","potentialAction":[{"@type":"ReadAction","target":["https:\/\/herculaneproject.ro\/en\/contact\/"]}]},{"@type":"BreadcrumbList","@id":"https:\/\/herculaneproject.ro\/en\/contact\/#breadcrumb","itemListElement":[{"@type":"ListItem","position":1,"name":"Home","item":"https:\/\/herculaneproject.ro\/en\/home\/"},{"@type":"ListItem","position":2,"name":"Contact"}]},{"@type":"WebSite","@id":"https:\/\/herculaneproject.ro\/en\/#website","url":"https:\/\/herculaneproject.ro\/en\/","name":"Herculane Project (EN)","description":"","potentialAction":[{"@type":"SearchAction","target":{"@type":"EntryPoint","urlTemplate":"https:\/\/herculaneproject.ro\/en\/?s={search_term_string}"},"query-input":{"@type":"PropertyValueSpecification","valueRequired":true,"valueName":"search_term_string"}}],"inLanguage":"en-US"}]}},"_links":{"self":[{"href":"https:\/\/herculaneproject.ro\/en\/wp-json\/wp\/v2\/pages\/30","targetHints":{"allow":["GET"]}}],"collection":[{"href":"https:\/\/herculaneproject.ro\/en\/wp-json\/wp\/v2\/pages"}],"about":[{"href":"https:\/\/herculaneproject.ro\/en\/wp-json\/wp\/v2\/types\/page"}],"author":[{"embeddable":true,"href":"https:\/\/herculaneproject.ro\/en\/wp-json\/wp\/v2\/users\/1"}],"replies":[{"embeddable":true,"href":"https:\/\/herculaneproject.ro\/en\/wp-json\/wp\/v2\/comments?post=30"}],"version-history":[{"count":0,"href":"https:\/\/herculaneproject.ro\/en\/wp-json\/wp\/v2\/pages\/30\/revisions"}],"wp:attachment":[{"href":"https:\/\/herculaneproject.ro\/en\/wp-json\/wp\/v2\/media?parent=30"}],"curies":[{"name":"wp","href":"https:\/\/api.w.org\/{rel}","templated":true}]}}